{"id":2031,"date":"2025-06-12T19:58:48","date_gmt":"2025-06-12T19:58:48","guid":{"rendered":"https:\/\/www.webtoo-test.cz\/?page_id=2031"},"modified":"2025-06-12T20:12:38","modified_gmt":"2025-06-12T20:12:38","slug":"podminky-ochrany-osobnich-udaju","status":"publish","type":"page","link":"https:\/\/www.webtoo-test.cz\/en\/podminky-ochrany-osobnich-udaju\/","title":{"rendered":"Podm\u00ednky ochrany osobn\u00edch \u00fadaj\u016f"},"content":{"rendered":"<div data-elementor-type=\"wp-page\" data-elementor-id=\"2031\" class=\"elementor elementor-2031\" data-elementor-settings=\"{&quot;ha_cmc_init_switcher&quot;:&quot;no&quot;}\" data-elementor-post-type=\"page\">\n\t\t\t\t<div class=\"elementor-element elementor-element-0f1ec2f animated-slow e-con-full e-flex elementor-invisible e-con e-parent\" data-id=\"0f1ec2f\" data-element_type=\"container\" data-e-type=\"container\" data-settings=\"{&quot;background_background&quot;:&quot;classic&quot;,&quot;animation&quot;:&quot;fadeIn&quot;,&quot;jet_parallax_layout_list&quot;:[],&quot;_ha_eqh_enable&quot;:false}\">\n\t\t<div class=\"elementor-element elementor-element-9006703 e-con-full elementor-hidden-tablet elementor-hidden-mobile e-flex e-con e-child\" data-id=\"9006703\" data-element_type=\"container\" data-e-type=\"container\" data-settings=\"{&quot;jet_parallax_layout_list&quot;:[],&quot;_ha_eqh_enable&quot;:false}\">\n\t\t\t\t<div class=\"elementor-element elementor-element-e46d96b elementor-grid-1 elementor-grid-mobile-0 e-grid-align-mobile-center elementor-widget__width-inherit elementor-shape-square e-grid-align-center elementor-widget elementor-widget-social-icons\" data-id=\"e46d96b\" data-element_type=\"widget\" data-e-type=\"widget\" data-widget_type=\"social-icons.default\">\n\t\t\t\t<div class=\"elementor-widget-container\">\n\t\t\t\t\t\t\t<div class=\"elementor-social-icons-wrapper elementor-grid\" role=\"list\">\n\t\t\t\t\t\t\t<span class=\"elementor-grid-item\" role=\"listitem\">\n\t\t\t\t\t<a class=\"elementor-icon elementor-social-icon elementor-social-icon-facebook-f elementor-animation-shrink elementor-repeater-item-1d13eb3\" href=\"#\" target=\"_blank\">\n\t\t\t\t\t\t<span class=\"elementor-screen-only\">Facebook-f<\/span>\n\t\t\t\t\t\t<svg aria-hidden=\"true\" class=\"e-font-icon-svg e-fab-facebook-f\" viewbox=\"0 0 320 512\" xmlns=\"http:\/\/www.w3.org\/2000\/svg\"><path d=\"M279.14 288l14.22-92.66h-88.91v-60.13c0-25.35 12.42-50.06 52.24-50.06h40.42V6.26S260.43 0 225.36 0c-73.22 0-121.08 44.38-121.08 124.72v70.62H22.89V288h81.39v224h100.17V288z\"><\/path><\/svg>\t\t\t\t\t<\/a>\n\t\t\t\t<\/span>\n\t\t\t\t\t\t\t<span class=\"elementor-grid-item\" role=\"listitem\">\n\t\t\t\t\t<a class=\"elementor-icon elementor-social-icon elementor-social-icon-instagram elementor-animation-shrink elementor-repeater-item-70be93e\" href=\"#\" target=\"_blank\">\n\t\t\t\t\t\t<span class=\"elementor-screen-only\">Instagram<\/span>\n\t\t\t\t\t\t<svg aria-hidden=\"true\" class=\"e-font-icon-svg e-fab-instagram\" viewbox=\"0 0 448 512\" xmlns=\"http:\/\/www.w3.org\/2000\/svg\"><path d=\"M224.1 141c-63.6 0-114.9 51.3-114.9 114.9s51.3 114.9 114.9 114.9S339 319.5 339 255.9 287.7 141 224.1 141zm0 189.6c-41.1 0-74.7-33.5-74.7-74.7s33.5-74.7 74.7-74.7 74.7 33.5 74.7 74.7-33.6 74.7-74.7 74.7zm146.4-194.3c0 14.9-12 26.8-26.8 26.8-14.9 0-26.8-12-26.8-26.8s12-26.8 26.8-26.8 26.8 12 26.8 26.8zm76.1 27.2c-1.7-35.9-9.9-67.7-36.2-93.9-26.2-26.2-58-34.4-93.9-36.2-37-2.1-147.9-2.1-184.9 0-35.8 1.7-67.6 9.9-93.9 36.1s-34.4 58-36.2 93.9c-2.1 37-2.1 147.9 0 184.9 1.7 35.9 9.9 67.7 36.2 93.9s58 34.4 93.9 36.2c37 2.1 147.9 2.1 184.9 0 35.9-1.7 67.7-9.9 93.9-36.2 26.2-26.2 34.4-58 36.2-93.9 2.1-37 2.1-147.8 0-184.8zM398.8 388c-7.8 19.6-22.9 34.7-42.6 42.6-29.5 11.7-99.5 9-132.1 9s-102.7 2.6-132.1-9c-19.6-7.8-34.7-22.9-42.6-42.6-11.7-29.5-9-99.5-9-132.1s-2.6-102.7 9-132.1c7.8-19.6 22.9-34.7 42.6-42.6 29.5-11.7 99.5-9 132.1-9s102.7-2.6 132.1 9c19.6 7.8 34.7 22.9 42.6 42.6 11.7 29.5 9 99.5 9 132.1s2.7 102.7-9 132.1z\"><\/path><\/svg>\t\t\t\t\t<\/a>\n\t\t\t\t<\/span>\n\t\t\t\t\t\t\t<span class=\"elementor-grid-item\" role=\"listitem\">\n\t\t\t\t\t<a class=\"elementor-icon elementor-social-icon elementor-social-icon-youtube elementor-animation-shrink elementor-repeater-item-613e921\" href=\"#\" target=\"_blank\">\n\t\t\t\t\t\t<span class=\"elementor-screen-only\">Youtube<\/span>\n\t\t\t\t\t\t<svg aria-hidden=\"true\" class=\"e-font-icon-svg e-fab-youtube\" viewbox=\"0 0 576 512\" xmlns=\"http:\/\/www.w3.org\/2000\/svg\"><path d=\"M549.655 124.083c-6.281-23.65-24.787-42.276-48.284-48.597C458.781 64 288 64 288 64S117.22 64 74.629 75.486c-23.497 6.322-42.003 24.947-48.284 48.597-11.412 42.867-11.412 132.305-11.412 132.305s0 89.438 11.412 132.305c6.281 23.65 24.787 41.5 48.284 47.821C117.22 448 288 448 288 448s170.78 0 213.371-11.486c23.497-6.321 42.003-24.171 48.284-47.821 11.412-42.867 11.412-132.305 11.412-132.305s0-89.438-11.412-132.305zm-317.51 213.508V175.185l142.739 81.205-142.739 81.201z\"><\/path><\/svg>\t\t\t\t\t<\/a>\n\t\t\t\t<\/span>\n\t\t\t\t\t<\/div>\n\t\t\t\t\t\t<\/div>\n\t\t\t\t<\/div>\n\t\t\t\t<\/div>\n\t\t<div class=\"elementor-element elementor-element-2a9f9fa e-con-full e-flex e-con e-child\" data-id=\"2a9f9fa\" data-element_type=\"container\" data-e-type=\"container\" data-settings=\"{&quot;jet_parallax_layout_list&quot;:[],&quot;_ha_eqh_enable&quot;:false}\">\n\t\t<div class=\"elementor-element elementor-element-ceb3b55 e-flex e-con-boxed e-con e-child\" data-id=\"ceb3b55\" data-element_type=\"container\" data-e-type=\"container\" data-settings=\"{&quot;jet_parallax_layout_list&quot;:[],&quot;_ha_eqh_enable&quot;:false}\">\n\t\t\t\t\t<div class=\"e-con-inner\">\n\t\t\t\t<div class=\"elementor-element elementor-element-749cc6a elementor-position-left elementor-vertical-align-middle elementor-position-left elementor-vertical-align-middle elementor-widget elementor-widget-image-box\" data-id=\"749cc6a\" data-element_type=\"widget\" data-e-type=\"widget\" data-widget_type=\"image-box.default\">\n\t\t\t\t<div class=\"elementor-widget-container\">\n\t\t\t\t\t<div class=\"elementor-image-box-wrapper\"><figure class=\"elementor-image-box-img\"><img decoding=\"async\" width=\"180\" height=\"180\" src=\"https:\/\/www.webtoo-test.cz\/wp-content\/uploads\/2025\/03\/favicon.png\" class=\"attachment-full size-full wp-image-17\" alt=\"\" srcset=\"https:\/\/www.webtoo-test.cz\/wp-content\/uploads\/2025\/03\/favicon.png 180w, https:\/\/www.webtoo-test.cz\/wp-content\/uploads\/2025\/03\/favicon-150x150.png 150w\" sizes=\"(max-width: 180px) 100vw, 180px\" \/><\/figure><div class=\"elementor-image-box-content\"><h1 class=\"elementor-image-box-title\">GDPR<\/h1><\/div><\/div>\t\t\t\t<\/div>\n\t\t\t\t<\/div>\n\t\t\t\t<div class=\"elementor-element elementor-element-d0bf321 elementor-widget elementor-widget-heading\" data-id=\"d0bf321\" data-element_type=\"widget\" data-e-type=\"widget\" data-widget_type=\"heading.default\">\n\t\t\t\t<div class=\"elementor-widget-container\">\n\t\t\t\t\t<h2 class=\"elementor-heading-title elementor-size-default translation-block\">Privacy <br><span style=\"color: #F61818\">Policy<\/span><\/h2>\t\t\t\t<\/div>\n\t\t\t\t<\/div>\n\t\t\t\t<div class=\"elementor-element elementor-element-25f9672 elementor-widget elementor-widget-text-editor\" data-id=\"25f9672\" data-element_type=\"widget\" data-e-type=\"widget\" data-widget_type=\"text-editor.default\">\n\t\t\t\t<div class=\"elementor-widget-container\">\n\t\t\t\t\t\t\t\t\t<p>The Privacy Policy informs the subject about the processing of personal data by Alfa Container<\/p>\t\t\t\t\t\t\t\t<\/div>\n\t\t\t\t<\/div>\n\t\t\t\t\t<\/div>\n\t\t\t\t<\/div>\n\t\t\t\t<\/div>\n\t\t\t\t<\/div>\n\t\t<div class=\"elementor-element elementor-element-97391ab e-flex e-con-boxed e-con e-parent\" data-id=\"97391ab\" data-element_type=\"container\" data-e-type=\"container\" data-settings=\"{&quot;jet_parallax_layout_list&quot;:[],&quot;_ha_eqh_enable&quot;:false}\">\n\t\t\t\t\t<div class=\"e-con-inner\">\n\t\t\t\t<div class=\"elementor-element elementor-element-b0e5fe1 elementor-widget elementor-widget-text-editor\" data-id=\"b0e5fe1\" data-element_type=\"widget\" data-e-type=\"widget\" data-widget_type=\"text-editor.default\">\n\t\t\t\t<div class=\"elementor-widget-container\">\n\t\t\t\t\t\t\t\t\t<p>Privacy Notice pursuant to Regulation (EU) 2016\/679 of the European Parliament and of the Council on the protection of natural persons with regard to the processing of personal data and on the information of data subjects (the \"GDPR\")<\/p>\t\t\t\t\t\t\t\t<\/div>\n\t\t\t\t<\/div>\n\t\t\t\t<div class=\"elementor-element elementor-element-9994552 elementor-widget elementor-widget-heading\" data-id=\"9994552\" data-element_type=\"widget\" data-e-type=\"widget\" data-widget_type=\"heading.default\">\n\t\t\t\t<div class=\"elementor-widget-container\">\n\t\t\t\t\t<h3 class=\"elementor-heading-title elementor-size-default\">I. Basic provisions<\/h3>\t\t\t\t<\/div>\n\t\t\t\t<\/div>\n\t\t\t\t<div class=\"elementor-element elementor-element-eb23831 elementor-widget elementor-widget-text-editor\" data-id=\"eb23831\" data-element_type=\"widget\" data-e-type=\"widget\" data-widget_type=\"text-editor.default\">\n\t\t\t\t<div class=\"elementor-widget-container\">\n\t\t\t\t\t\t\t\t\t<ul><li>The data controller is ALFA Container s.r.o. , ID No: 17203279, TAX ID No.: CZ17203279 , having its registered office at Plz\u00e1kova 1138\/8, Kbely, 197 00 Prague (the \"Controller\" or \"we\").<\/li><li>The Controller's contact details are sandra.riskova@alfacontainer.cz. The Controller has not appointed a data protection officer.<\/li><li>The processing is carried out in accordance with Regulation (EU) 2016\/679 of the European Parliament and of the Council of 27 April 2016 on the protection of natural persons with regard to the processing of personal data and on the free movement of such data, and repealing Directive 95\/46\/EC (General Data Protection Regulation), hereinafter referred to also as the \"GDPR\", and is described in more detail in these terms and conditions.<\/li><\/ul>\t\t\t\t\t\t\t\t<\/div>\n\t\t\t\t<\/div>\n\t\t\t\t<div class=\"elementor-element elementor-element-a693e97 elementor-widget elementor-widget-heading\" data-id=\"a693e97\" data-element_type=\"widget\" data-e-type=\"widget\" data-widget_type=\"heading.default\">\n\t\t\t\t<div class=\"elementor-widget-container\">\n\t\t\t\t\t<h3 class=\"elementor-heading-title elementor-size-default\">II. Sources and categories of personal data processed<\/h3>\t\t\t\t<\/div>\n\t\t\t\t<\/div>\n\t\t\t\t<div class=\"elementor-element elementor-element-4457bde elementor-widget elementor-widget-text-editor\" data-id=\"4457bde\" data-element_type=\"widget\" data-e-type=\"widget\" data-widget_type=\"text-editor.default\">\n\t\t\t\t<div class=\"elementor-widget-container\">\n\t\t\t\t\t\t\t\t\t<ul><li>We receive personal data directly from you when you send us an inquiry, request or order for our services. To a limited extent, we may also receive personal data from our marketing partners if you consent to them transferring your personal data to us.<\/li><li>Furthermore, we receive your personal data directly from you in the case of donations to a public fundraiser organised through a transparent bank account.<\/li><li>We process the following categories of personal data:<br \/><ul class=\"list\" role=\"list\"><li>Identification data, which primarily means name, surname, date of birth and residential address.<\/li><li>Contact details such as email address or telephone number<\/li><li>Information about your interest in our products and about your orders, delivery method, place of delivery or assembly, payment including your bank account details, handling of any complaints, etc.<\/li><li>Information about the use of our website; we collect and process this information primarily through the use of cookies.<\/li><li>Records of telephone calls relating to our services or specific orders.<\/li><li>Bank account number.<\/li><\/ul><\/li><li class=\"translation-block\">a long-term relationship that greatly supports our mutual business cooperation.<\/li><\/ul>\t\t\t\t\t\t\t\t<\/div>\n\t\t\t\t<\/div>\n\t\t\t\t<div class=\"elementor-element elementor-element-631d229 elementor-widget elementor-widget-heading\" data-id=\"631d229\" data-element_type=\"widget\" data-e-type=\"widget\" data-widget_type=\"heading.default\">\n\t\t\t\t<div class=\"elementor-widget-container\">\n\t\t\t\t\t<h3 class=\"elementor-heading-title elementor-size-default\">III. Purposes and legal basis for the processing of personal data<\/h3>\t\t\t\t<\/div>\n\t\t\t\t<\/div>\n\t\t\t\t<div class=\"elementor-element elementor-element-ef62f80 elementor-widget elementor-widget-text-editor\" data-id=\"ef62f80\" data-element_type=\"widget\" data-e-type=\"widget\" data-widget_type=\"text-editor.default\">\n\t\t\t\t<div class=\"elementor-widget-container\">\n\t\t\t\t\t\t\t\t\t<ul><li>We process personal data for the following purposes:<br \/><ul class=\"list\" role=\"list\"><li>Processing of the order and execution of the contract between you and the Controller. The legal basis for the necessary processing of personal data is the performance of a contract within the meaning of Art. 6(1)(b) of the GDPR.  For this purpose, we process identification and contact data, data about your order, including records of your telephone calls<\/li><li>Protection of our legitimate interests, e.g. to be able to prove that we have processed your order correctly and on time. The legal basis for this processing is the legitimate interest pursuant to Art. 6(1)(f) of the GDPR. For this purpose, we process identification data, data about your order and records of telephone calls.<\/li><li>Some processing of personal data is imposed on us by other legal regulations, such as accounting regulations. For the processing necessary to fulfil our legal obligations, we rely on the legal basis pursuant to Art. 6(1)(c) of the GDPR. For this purpose, we process identification data and data about your order. In some cases, e.g. in the area of subsidy applications, it is also necessary to process your birth number.<\/li><li>Offering our products and services. We send business offers to our clients, e.g. about new products in our range. The legal basis for this processing is our legitimate interest pursuant to Art. 6(1)(f) of the GDPR in conjunction with Section 7(3) of Act No. 480\/2004 Coll., on certain information society services. This means that we do not need your prior consent for this processing either. However, if you do not wish us to process your personal data for this purpose, please let us know and we will stop this processing. For the purpose of offering products and services, we process identification and contact data, data about your order and data about the use of our website.<\/li><li>Sending our offers, information about our products and other commercial communications, e.g. in the form of a newsletter. If you give us your consent, for example by subscribing to our newsletter, we may send you offers of our products and services even if you are not our client. The legal basis is therefore consent within the meaning of Art. 6(1)(a) of the GDPR in conjunction with Section 7(2) of Act No. 480\/2004 Coll., on certain information society services. For this purpose, we process your identification and contact data.<\/li><li>Use of personal data for online marketing, displaying offers on the Internet, including on the websites of other entities. Subject to your consent, we will also use your personal data to display commercial offers in third party environments. For this purpose, we will use either data obtained from cookies or your identification data subject to your consent. These third parties to whom your data will be provided for marketing purposes will be joint data controllers with us. You can exercise all rights relating to the processing carried out by us directly with us.<\/li><li>Internal measurement and evaluation of our processes, marketing campaigns, response times to enquiries and other activities that are important for communicating with our clients and other interested parties. The related processing of personal data, which is limited to the minimum extent necessary, is necessary to protect our legitimate interests.<\/li><li>Making a donation to a public collection. We process donors' personal identification data on the basis of the performance of a contract within the meaning of Art. 6 (1) (b) of the GDPR for the purpose of exercising the rights and obligations under the donation contract, on the basis of the legal obligation under Art. 6(1)(c) of the GDPR for the purposes of complying with accounting, tax and other regulations applicable to public collections and on the basis of our legitimate interest pursuant to Art. 6(1)(f) of the GDPR for the purposes of keeping records of donors of the Controller.<\/li><\/ul><\/li><li>The provision of personal data is always voluntary. However, we cannot process your order or send you offers of our products or services without your personal data.<\/li><\/ul>\t\t\t\t\t\t\t\t<\/div>\n\t\t\t\t<\/div>\n\t\t\t\t<div class=\"elementor-element elementor-element-60ebf2c elementor-widget elementor-widget-heading\" data-id=\"60ebf2c\" data-element_type=\"widget\" data-e-type=\"widget\" data-widget_type=\"heading.default\">\n\t\t\t\t<div class=\"elementor-widget-container\">\n\t\t\t\t\t<h3 class=\"elementor-heading-title elementor-size-default\">IV. Data retention period<\/h3>\t\t\t\t<\/div>\n\t\t\t\t<\/div>\n\t\t\t\t<div class=\"elementor-element elementor-element-6a81b49 elementor-widget elementor-widget-text-editor\" data-id=\"6a81b49\" data-element_type=\"widget\" data-e-type=\"widget\" data-widget_type=\"text-editor.default\">\n\t\t\t\t<div class=\"elementor-widget-container\">\n\t\t\t\t\t\t\t\t\t<ul><li>The Controller processes personal data:<br \/><ul class=\"list\" role=\"list\"><li>For the period necessary to exercise the rights and obligations arising from the contractual relationship between you and the Controller, to assert claims arising from this contractual relationship and to protect its rights in the event of a dispute, for a period of 5 years from the termination of the contractual relationship.<\/li><li>For the period specified by law for archiving documents, especially accounting documents (usually 10 years).<\/li><li>For ten years from the end of the contractual relationship for direct marketing purposes.<\/li><\/ul><\/li><li>Until the consent for the processing of personal data for marketing purposes for persons who were not clients of the Controller is revoked. After the retention period has expired, the Controller will irreversibly delete the personal data.<\/li><\/ul>\t\t\t\t\t\t\t\t<\/div>\n\t\t\t\t<\/div>\n\t\t\t\t<div class=\"elementor-element elementor-element-70c722d elementor-widget elementor-widget-heading\" data-id=\"70c722d\" data-element_type=\"widget\" data-e-type=\"widget\" data-widget_type=\"heading.default\">\n\t\t\t\t<div class=\"elementor-widget-container\">\n\t\t\t\t\t<h3 class=\"elementor-heading-title elementor-size-default\">V. Recipients of personal data<\/h3>\t\t\t\t<\/div>\n\t\t\t\t<\/div>\n\t\t\t\t<div class=\"elementor-element elementor-element-c0c0810 elementor-widget elementor-widget-text-editor\" data-id=\"c0c0810\" data-element_type=\"widget\" data-e-type=\"widget\" data-widget_type=\"text-editor.default\">\n\t\t\t\t<div class=\"elementor-widget-container\">\n\t\t\t\t\t\t\t\t\t<ul><li>We are assisted in the processing of your data by a number of our suppliers, data processors, who must be provided with limited access to your personal data in order to provide the service. We will agree with each such processor the necessary steps to ensure that we do not impair the protection of your personal data or interfere with your other rights.<\/li><li>In particular, the following suppliers are the processors of your personal data:<br \/><ul class=\"list\" role=\"list\"><li>Companies involved in the operation of our website and other services in connection with the operation of the website (hosting services).<\/li><li>Companies providing marketing, business representation and other consulting services.<\/li><li>Providers of mailing or cloud services such as Google Workspace and marketing and marketing campaign evaluation services, in particular Google Ireland Limited (registration number 368047).<\/li><\/ul><\/li><li class=\"translation-block\">We may also disclose your personal data to entities involved in the delivery of goods or the execution of payments, e.g. ALFA Container s.r.o. , ID No: 17203279<\/li><li>Subject to your consent, we also share your personal data with entities that help us with online marketing offers, including displaying commercial offers in their environment. These are mainly the following companies: Meta Platforms Ireland Limited (operator of social networks Facebook and Instagram, among others), Google Ireland Limited, Seznam.cz., a.s., SendGrid, Inc. and Microsoft Ireland Operations Limited.<\/li><\/ul>\t\t\t\t\t\t\t\t<\/div>\n\t\t\t\t<\/div>\n\t\t\t\t<div class=\"elementor-element elementor-element-dffe1a9 elementor-widget elementor-widget-heading\" data-id=\"dffe1a9\" data-element_type=\"widget\" data-e-type=\"widget\" data-widget_type=\"heading.default\">\n\t\t\t\t<div class=\"elementor-widget-container\">\n\t\t\t\t\t<h3 class=\"elementor-heading-title elementor-size-default\">VI. Your rights<\/h3>\t\t\t\t<\/div>\n\t\t\t\t<\/div>\n\t\t\t\t<div class=\"elementor-element elementor-element-d6868aa elementor-widget elementor-widget-text-editor\" data-id=\"d6868aa\" data-element_type=\"widget\" data-e-type=\"widget\" data-widget_type=\"text-editor.default\">\n\t\t\t\t<div class=\"elementor-widget-container\">\n\t\t\t\t\t\t\t\t\t<ul><li>You have the following rights in relation to the processing of your personal data:<br \/><ul class=\"list\" role=\"list\"><li>The right to know whether we process your personal data and the right to access this data.<\/li><li>The right to rectification, updating or restriction of the processing of your personal data.<\/li><li>Right to erasure of personal data. However, this right does not apply if further processing is necessary in particular for the performance of our legal obligations or an executed contract or to secure our legal claims.<\/li><li>The right to ask us to transfer your personal data that we process for the performance of a contract or on the basis of your consent to you or to another data controller.<\/li><li>The right to withdraw your consent to the processing of your personal data at any time, in particular by unsubscribing from the newsletter.<\/li><li>The right to object to processing on the basis of our legitimate interest. In the case of data processing for marketing purposes, we will stop this processing without further delay. In the case of further processing based on our legitimate interest, we will individually examine whether our legitimate interest actually prevails.<\/li><\/ul><\/li><li>If you believe that the processing we are carrying out is in breach of the GDPR, other legislation or these Terms and Conditions, please notify us at the contacts listed in Art. I. If you are not satisfied with the handling of your complaint, you have the right to complain to the Office for Personal Data Protection (www.uoou.cz).<\/li><\/ul>\t\t\t\t\t\t\t\t<\/div>\n\t\t\t\t<\/div>\n\t\t\t\t<div class=\"elementor-element elementor-element-7f7929c elementor-widget elementor-widget-heading\" data-id=\"7f7929c\" data-element_type=\"widget\" data-e-type=\"widget\" data-widget_type=\"heading.default\">\n\t\t\t\t<div class=\"elementor-widget-container\">\n\t\t\t\t\t<h3 class=\"elementor-heading-title elementor-size-default\">VII. Final provisions<\/h3>\t\t\t\t<\/div>\n\t\t\t\t<\/div>\n\t\t\t\t<div class=\"elementor-element elementor-element-54df5d5 elementor-widget elementor-widget-text-editor\" data-id=\"54df5d5\" data-element_type=\"widget\" data-e-type=\"widget\" data-widget_type=\"text-editor.default\">\n\t\t\t\t<div class=\"elementor-widget-container\">\n\t\t\t\t\t\t\t\t\t<ul><li>By submitting an inquiry or question via the online form, you confirm that you are aware of these privacy terms and that you accept them in full.<\/li><li>You also acknowledge these terms and conditions by checking the consent box via the online form.<\/li><li>The Controller may change these conditions. It will publish the new version of the Privacy Policy on its website. Therefore, please check this website on a regular basis.<\/li><\/ul><p style=\"text-align: right;\">These privacy terms are effective as of 15 May 2025<\/p>\t\t\t\t\t\t\t\t<\/div>\n\t\t\t\t<\/div>\n\t\t\t\t\t<\/div>\n\t\t\t\t<\/div>\n\t\t\t\t<\/div>","protected":false},"excerpt":{"rendered":"<p>Facebook-f Instagram Youtube GDPR Podm\u00ednky ochrany osobn\u00edch \u00fadaj\u016f Podm\u00ednky ochrany osobn\u00edch \u00fadaj\u016f informuj\u00ed subjekt o zpracov\u00e1n\u00ed osobn\u00edch \u00fadaj\u016f spole\u010dnosti Alfa Container Prohl\u00e1\u0161en\u00ed o zpracov\u00e1n\u00ed osobn\u00edch \u00fadaj\u016f dle na\u0159\u00edzen\u00ed Evropsk\u00e9ho parlamentu a Rady (EU) 2016\/679 o ochran\u011b fyzick\u00fdch osob v souvislosti se zpracov\u00e1n\u00edm osobn\u00edch \u00fadaj\u016f a pou\u010den\u00ed subjekt\u016f \u00fadaj\u016f (d\u00e1le jen \u201eGDPR\u201c) I. Z\u00e1kladn\u00ed ustanoven\u00ed Spr\u00e1vcem [&hellip;]<\/p>\n","protected":false},"author":1,"featured_media":0,"parent":0,"menu_order":0,"comment_status":"closed","ping_status":"closed","template":"elementor_header_footer","meta":{"footnotes":""},"class_list":["post-2031","page","type-page","status-publish","hentry"],"_links":{"self":[{"href":"https:\/\/www.webtoo-test.cz\/en\/wp-json\/wp\/v2\/pages\/2031","targetHints":{"allow":["GET"]}}],"collection":[{"href":"https:\/\/www.webtoo-test.cz\/en\/wp-json\/wp\/v2\/pages"}],"about":[{"href":"https:\/\/www.webtoo-test.cz\/en\/wp-json\/wp\/v2\/types\/page"}],"author":[{"embeddable":true,"href":"https:\/\/www.webtoo-test.cz\/en\/wp-json\/wp\/v2\/users\/1"}],"replies":[{"embeddable":true,"href":"https:\/\/www.webtoo-test.cz\/en\/wp-json\/wp\/v2\/comments?post=2031"}],"version-history":[{"count":7,"href":"https:\/\/www.webtoo-test.cz\/en\/wp-json\/wp\/v2\/pages\/2031\/revisions"}],"predecessor-version":[{"id":2040,"href":"https:\/\/www.webtoo-test.cz\/en\/wp-json\/wp\/v2\/pages\/2031\/revisions\/2040"}],"wp:attachment":[{"href":"https:\/\/www.webtoo-test.cz\/en\/wp-json\/wp\/v2\/media?parent=2031"}],"curies":[{"name":"wp","href":"https:\/\/api.w.org\/{rel}","templated":true}]}}